{"id":68,"date":"2023-02-01T15:55:32","date_gmt":"2023-02-01T15:55:32","guid":{"rendered":"http:\/\/cartoriorgienotasfloresta.com.br\/?page_id=68"},"modified":"2025-09-11T21:49:23","modified_gmt":"2025-09-11T21:49:23","slug":"servicos","status":"publish","type":"page","link":"https:\/\/cartoriorgienotasfloresta.com.br\/index.php\/servicos\/","title":{"rendered":"SERVI\u00c7OS"},"content":{"rendered":"\t\t<div data-elementor-type=\"wp-page\" data-elementor-id=\"68\" class=\"elementor elementor-68\" data-elementor-post-type=\"page\">\n\t\t\t\t<div class=\"elementor-element elementor-element-f60fe3e e-flex e-con-boxed e-con e-parent\" data-id=\"f60fe3e\" data-element_type=\"container\" data-e-type=\"container\" data-settings=\"{&quot;background_background&quot;:&quot;classic&quot;}\">\n\t\t\t\t\t<div class=\"e-con-inner\">\n\t\t\t\t<div class=\"elementor-element elementor-element-f3e0454 elementor-widget elementor-widget-heading\" data-id=\"f3e0454\" data-element_type=\"widget\" data-e-type=\"widget\" data-widget_type=\"heading.default\">\n\t\t\t\t<div class=\"elementor-widget-container\">\n\t\t\t\t\t<h1 class=\"elementor-heading-title elementor-size-default\">NOSSOS SERVI\u00c7OS<\/h1>\t\t\t\t<\/div>\n\t\t\t\t<\/div>\n\t\t\t\t<div class=\"elementor-element elementor-element-4035607 elementor-view-default elementor-invisible elementor-widget elementor-widget-icon\" data-id=\"4035607\" data-element_type=\"widget\" data-e-type=\"widget\" data-settings=\"{&quot;_animation&quot;:&quot;fadeInDown&quot;,&quot;_animation_delay&quot;:500}\" data-widget_type=\"icon.default\">\n\t\t\t\t<div class=\"elementor-widget-container\">\n\t\t\t\t\t\t\t<div class=\"elementor-icon-wrapper\">\n\t\t\t<div class=\"elementor-icon\">\n\t\t\t<i aria-hidden=\"true\" class=\"fas fa-chevron-down\"><\/i>\t\t\t<\/div>\n\t\t<\/div>\n\t\t\t\t\t\t<\/div>\n\t\t\t\t<\/div>\n\t\t\t\t\t<\/div>\n\t\t\t\t<\/div>\n\t\t<div class=\"elementor-element elementor-element-5958536 e-flex e-con-boxed e-con e-parent\" data-id=\"5958536\" data-element_type=\"container\" data-e-type=\"container\">\n\t\t\t\t\t<div class=\"e-con-inner\">\n\t\t\t\t<div class=\"elementor-element elementor-element-4943439 elementor-widget elementor-widget-text-editor\" data-id=\"4943439\" data-element_type=\"widget\" data-e-type=\"widget\" data-widget_type=\"text-editor.default\">\n\t\t\t\t<div class=\"elementor-widget-container\">\n\t\t\t\t\t\t\t\t\t<h3>Alguns servi\u00e7os da\u00a0Serventia Regiatral e Notarial de Floresta<\/h3><ul><li>Reconhecimento de assinatura (reconhecer firma aberta)<\/li><li>Certid\u00e3o de atos registrados<\/li><li>Contratos em geral<\/li><li>Procura\u00e7\u00e3o P\u00fablica para todos os fins<\/li><li>Expedi\u00e7\u00e3o de certificado digital<\/li><li>Abertura de ficha de Assinatura (abrir firma)<\/li><li>Autentica\u00e7\u00e3o (autenticar documentos ou c\u00f3pia autenticada)<\/li><li>Testamentos cerrados ou p\u00fablicos<\/li><\/ul><div>\u00a0<\/div><h3><strong>Escrituras<\/strong><\/h3><ul><li>Escritura de Doa\u00e7\u00e3o<\/li><li>Dissolu\u00e7\u00e3o de Sociedade<\/li><li>Atas Notariais<\/li><li>Declara\u00e7\u00e3o<\/li><li>Separa\u00e7\u00e3o ou Div\u00f3rcio<\/li><li>Escritura de Pacto Antenupcial<\/li><li>Compra e Venda<\/li><li>Escritura de Emancipa\u00e7\u00e3o<\/li><li>Reconhecimento de Paternidade<\/li><li>Uni\u00e3o Est\u00e1vel<\/li><\/ul><div>\u00a0<\/div><h3><strong>Servi\u00e7os do cart\u00f3rio de registro de im\u00f3veis<\/strong><\/h3><ul><li>Averba\u00e7\u00f5es<\/li><li>Permutas<\/li><li>Usufruto<\/li><li>Hipotecas<\/li><li>Contratos<\/li><li>Usucapi\u00e3o<\/li><li>Certid\u00f5es de atos registrados<\/li><li>Matr\u00edcula do im\u00f3vel<\/li><li>Doa\u00e7\u00e3o<\/li><li>Benfeitorias<\/li><li>Escritura P\u00fablica<\/li><li>Penhoras<\/li><\/ul><div>\u00a0<\/div><h3><strong>Servi\u00e7os do cart\u00f3rio de protesto<\/strong><\/h3><ul><li>Proceder \u00e0s averba\u00e7\u00f5es<\/li><li>Protocolar, intimar e acolher devolu\u00e7\u00e3o ou aceite<\/li><li>Protesto de letra de c\u00e2mbio, nota promiss\u00f3ria, duplicata, deb\u00eanture ou cheque<\/li><li>Receber pagamento de t\u00edtulos e outros documentos de d\u00edvida<\/li><li>Prestar informa\u00e7\u00f5es e fornecer certid\u00f5es relativas a todos os atos praticados<\/li><li>Protesto de Encargos Condominiais<\/li><li>Protesto de contratos de compromisso ou promessa de compra e venda, promessa de cess\u00e3o ou cess\u00e3o de direitos<\/li><li>Protesto de contrato de loca\u00e7\u00e3o de ve\u00edculo<\/li><li>Protesto do documento particular que origine uma d\u00edvida<\/li><li>Cancelamento de T\u00edtulo Protestado<\/li><li>Lavrar e registrar o protesto ou acatar a desist\u00eancia do credor<\/li><li>Fotoc\u00f3pia do Instrumento de Protesto e outros<\/li><\/ul><p><strong>\u00a0<\/strong><\/p><p><strong style=\"text-align: var(--text-align); letter-spacing: var(--h3letterspacing); text-transform: uppercase; background-color: var(--nv-site-bg);\">Certid\u00f5es<\/strong><\/p><ul><li>Certid\u00e3o dos 10 cart\u00f3rios<\/li><li>Certid\u00e3o de Protesto<\/li><li>Certid\u00e3o de Instrumento de Protesto<\/li><li>Certid\u00e3o de Protesto pesquisa de 10 Anos<\/li><li>Certid\u00e3o de Protesto pesquisa de 5 Anos<\/li><li>Certid\u00e3o de Cancelamento de Protesto<\/li><li>Certid\u00e3o negativa de protesto<\/li><li>Certid\u00e3o de Protesto do casal<\/li><li>Certid\u00e3o de \u00d4nus Reais<\/li><li>Certid\u00e3o Negativa de Bens<\/li><li>Certid\u00e3o de Transcri\u00e7\u00e3o de Im\u00f3vel mais \u00d4nus Reais<\/li><li>Certid\u00e3o de A\u00e7\u00f5es Reais e Pessoais Reipersecut\u00f3rias<\/li><li>Certid\u00e3o em Inteiro Teor do Im\u00f3vel mais \u00d4nus Reais<\/li><li>Certid\u00e3o Dominial<\/li><li>Matr\u00edcula de Im\u00f3vel Atualizada mais Certid\u00e3o de \u00d4nus Reais e A\u00e7\u00f5es Reipersecut\u00f3rias<\/li><li>Matr\u00edcula de Im\u00f3vel Atualizada mais \u00d4nus Reais e A\u00e7\u00f5es Reipersecut\u00f3rias<\/li><li>Certid\u00e3o Trinten\u00e1ria<\/li><li>Certid\u00e3o Negativa de Bens do Casal ou S\u00f3cios<\/li><li>Certid\u00e3o de \u00d4nus Reais mais A\u00e7\u00f5es Reais e Pessoais Reipersecut\u00f3rias<\/li><li>Certid\u00e3o em Inteiro Teor do Im\u00f3vel<\/li><li>Matr\u00edcula de Im\u00f3vel Atualizada mais \u00d4nus Reais<\/li><li>Matr\u00edcula de Im\u00f3vel Atualizada<\/li><li>Certid\u00e3o de Inteiro Teor do Im\u00f3vel<\/li><li>Certid\u00e3o de Transcri\u00e7\u00e3o de Im\u00f3vel<\/li><li>Certid\u00e3o de Pacto Antenupcial<\/li><li>Certid\u00e3o Negativa de Bens do casal<\/li><li>Certid\u00e3o de Escritura de Pacto Antenupcial<\/li><li>Certid\u00e3o de Escritura de Compra e Venda<\/li><li>Certid\u00e3o de Escritura de Permuta<\/li><li>Certid\u00e3o de Escritura<\/li><li>Certid\u00e3o de Escritura de Doa\u00e7\u00e3o com reserva de usufruto<\/li><li>Certid\u00e3o de atas de condom\u00ednio<\/li><li>Certid\u00e3o de Escritura Declarat\u00f3rias<\/li><li>Certid\u00e3o de Escritura de Dissolu\u00e7\u00e3o de Sociedade<\/li><li>Certid\u00e3o de Escritura de Ata Notarial<\/li><li>Certid\u00e3o de Escritura de Cess\u00e3o de Direitos de Posse<\/li><li>Certid\u00e3o de Procura\u00e7\u00e3o<\/li><li>Certid\u00e3o de Escritura de Uni\u00e3o Est\u00e1vel<\/li><li>Certid\u00e3o de Escritura de Emancipa\u00e7\u00e3o<\/li><li>Certid\u00e3o de Escritura de Conven\u00e7\u00e3o de Condom\u00ednio<\/li><li>Certid\u00e3o de testamento<\/li><\/ul>\t\t\t\t\t\t\t\t<\/div>\n\t\t\t\t<\/div>\n\t\t\t\t\t<\/div>\n\t\t\t\t<\/div>\n\t\t\t\t<\/div>\n\t\t","protected":false},"excerpt":{"rendered":"<p>NOSSOS SERVI\u00c7OS Alguns servi\u00e7os da\u00a0Serventia Regiatral e Notarial de Floresta Reconhecimento de assinatura (reconhecer firma aberta) Certid\u00e3o de atos registrados Contratos em geral Procura\u00e7\u00e3o P\u00fablica para todos os fins Expedi\u00e7\u00e3o de certificado digital Abertura de ficha de Assinatura (abrir firma) Autentica\u00e7\u00e3o (autenticar documentos ou c\u00f3pia autenticada) Testamentos cerrados ou p\u00fablicos \u00a0 Escrituras Escritura de Doa\u00e7\u00e3o [&hellip;]<\/p>\n","protected":false},"author":2,"featured_media":0,"parent":0,"menu_order":0,"comment_status":"closed","ping_status":"closed","template":"elementor_header_footer","meta":{"ocean_post_layout":"","ocean_both_sidebars_style":"","ocean_both_sidebars_content_width":0,"ocean_both_sidebars_sidebars_width":0,"ocean_sidebar":"0","ocean_second_sidebar":"0","ocean_disable_margins":"enable","ocean_add_body_class":"","ocean_shortcode_before_top_bar":"","ocean_shortcode_after_top_bar":"","ocean_shortcode_before_header":"","ocean_shortcode_after_header":"","ocean_has_shortcode":"","ocean_shortcode_after_title":"","ocean_shortcode_before_footer_widgets":"","ocean_shortcode_after_footer_widgets":"","ocean_shortcode_before_footer_bottom":"","ocean_shortcode_after_footer_bottom":"","ocean_display_top_bar":"default","ocean_display_header":"default","ocean_header_style":"","ocean_center_header_left_menu":"0","ocean_custom_header_template":"0","ocean_custom_logo":0,"ocean_custom_retina_logo":0,"ocean_custom_logo_max_width":0,"ocean_custom_logo_tablet_max_width":0,"ocean_custom_logo_mobile_max_width":0,"ocean_custom_logo_max_height":0,"ocean_custom_logo_tablet_max_height":0,"ocean_custom_logo_mobile_max_height":0,"ocean_header_custom_menu":"0","ocean_menu_typo_font_family":"0","ocean_menu_typo_font_subset":"","ocean_menu_typo_font_size":0,"ocean_menu_typo_font_size_tablet":0,"ocean_menu_typo_font_size_mobile":0,"ocean_menu_typo_font_size_unit":"px","ocean_menu_typo_font_weight":"","ocean_menu_typo_font_weight_tablet":"","ocean_menu_typo_font_weight_mobile":"","ocean_menu_typo_transform":"","ocean_menu_typo_transform_tablet":"","ocean_menu_typo_transform_mobile":"","ocean_menu_typo_line_height":0,"ocean_menu_typo_line_height_tablet":0,"ocean_menu_typo_line_height_mobile":0,"ocean_menu_typo_line_height_unit":"","ocean_menu_typo_spacing":0,"ocean_menu_typo_spacing_tablet":0,"ocean_menu_typo_spacing_mobile":0,"ocean_menu_typo_spacing_unit":"","ocean_menu_link_color":"","ocean_menu_link_color_hover":"","ocean_menu_link_color_active":"","ocean_menu_link_background":"","ocean_menu_link_hover_background":"","ocean_menu_link_active_background":"","ocean_menu_social_links_bg":"","ocean_menu_social_hover_links_bg":"","ocean_menu_social_links_color":"","ocean_menu_social_hover_links_color":"","ocean_disable_title":"on","ocean_disable_heading":"default","ocean_post_title":"","ocean_post_subheading":"","ocean_post_title_style":"","ocean_post_title_background_color":"","ocean_post_title_background":0,"ocean_post_title_bg_image_position":"","ocean_post_title_bg_image_attachment":"","ocean_post_title_bg_image_repeat":"","ocean_post_title_bg_image_size":"","ocean_post_title_height":0,"ocean_post_title_bg_overlay":0.5,"ocean_post_title_bg_overlay_color":"","ocean_disable_breadcrumbs":"default","ocean_breadcrumbs_color":"","ocean_breadcrumbs_separator_color":"","ocean_breadcrumbs_links_color":"","ocean_breadcrumbs_links_hover_color":"","ocean_display_footer_widgets":"default","ocean_display_footer_bottom":"default","ocean_custom_footer_template":"0","footnotes":""},"class_list":["post-68","page","type-page","status-publish","hentry","entry"],"_links":{"self":[{"href":"https:\/\/cartoriorgienotasfloresta.com.br\/index.php\/wp-json\/wp\/v2\/pages\/68","targetHints":{"allow":["GET"]}}],"collection":[{"href":"https:\/\/cartoriorgienotasfloresta.com.br\/index.php\/wp-json\/wp\/v2\/pages"}],"about":[{"href":"https:\/\/cartoriorgienotasfloresta.com.br\/index.php\/wp-json\/wp\/v2\/types\/page"}],"author":[{"embeddable":true,"href":"https:\/\/cartoriorgienotasfloresta.com.br\/index.php\/wp-json\/wp\/v2\/users\/2"}],"replies":[{"embeddable":true,"href":"https:\/\/cartoriorgienotasfloresta.com.br\/index.php\/wp-json\/wp\/v2\/comments?post=68"}],"version-history":[{"count":0,"href":"https:\/\/cartoriorgienotasfloresta.com.br\/index.php\/wp-json\/wp\/v2\/pages\/68\/revisions"}],"wp:attachment":[{"href":"https:\/\/cartoriorgienotasfloresta.com.br\/index.php\/wp-json\/wp\/v2\/media?parent=68"}],"curies":[{"name":"wp","href":"https:\/\/api.w.org\/{rel}","templated":true}]}}